{"id":5707,"date":"2015-02-19T09:48:19","date_gmt":"2015-02-19T09:48:19","guid":{"rendered":"http:\/\/demo2.wpresidence.net\/?page_id=5707"},"modified":"2023-10-06T13:35:52","modified_gmt":"2023-10-06T13:35:52","slug":"contactos","status":"publish","type":"page","link":"https:\/\/prime-view.pt\/en\/contactos\/","title":{"rendered":"Contacte-nos"},"content":{"rendered":"<div data-elementor-type=\"wp-page\" data-elementor-id=\"5707\" class=\"elementor elementor-5707\">\n\t\t\t\t\t\t<section class=\"elementor-section elementor-top-section elementor-element elementor-element-3b9ddc68 elementor-section-boxed elementor-section-height-default elementor-section-height-default\" data-id=\"3b9ddc68\" data-element_type=\"section\">\n\t\t\t\t\t\t<div class=\"elementor-container elementor-column-gap-default\">\n\t\t\t\t\t<div class=\"elementor-column elementor-col-100 elementor-top-column elementor-element elementor-element-16d5cdaa\" data-id=\"16d5cdaa\" data-element_type=\"column\">\n\t\t\t<div class=\"elementor-widget-wrap elementor-element-populated\">\n\t\t\t\t\t\t<div class=\"elementor-element elementor-element-19b6d4ba elementor-widget elementor-widget-text-editor\" data-id=\"19b6d4ba\" data-element_type=\"widget\" data-widget_type=\"text-editor.default\">\n\t\t\t\t<div class=\"elementor-widget-container\">\n\t\t\t\t\t\t\t\t\t<p>N\u00f3s entendemos que encontrar o lugar perfeito para chamar de lar \u00e9 uma decis\u00f5es mais importantes que voc\u00ea tomar\u00e1 na vida. \u00c9 por isso que estamos aqui para tornar essa jornada mais f\u00e1cil e gratificante do que nunca.<\/p><h6>\u00a0<\/h6><p>A Primeview \u00e9 sua parceira confi\u00e1vel na busca por propriedades que atendam \u00e0s suas necessidades, desejos e aspira\u00e7\u00f5es.<\/p><h6>\u00a0<\/h6><p>Al\u00e9m disso, oferecemos um atendimento personalizado que coloca voc\u00ea em primeiro lugar. Estamos prontos para ouvir seus objetivos, responder \u00e0s suas perguntas e orient\u00e1-lo em cada etapa do processo de compra, venda ou aluguel de im\u00f3veis.<\/p>\t\t\t\t\t\t\t\t<\/div>\n\t\t\t\t<\/div>\n\t\t\t\t\t<\/div>\n\t\t<\/div>\n\t\t\t\t\t<\/div>\n\t\t<\/section>\n\t\t\t\t<\/div>","protected":false},"excerpt":{"rendered":"<p>N\u00f3s entendemos que encontrar o lugar perfeito para chamar de lar \u00e9 uma decis\u00f5es mais importantes que voc\u00ea tomar\u00e1 na vida. \u00c9 por isso que estamos aqui para tornar essa jornada mais f\u00e1cil e gratificante do que nunca. \u00a0 A Primeview \u00e9 sua parceira confi\u00e1vel na busca por propriedades que atendam \u00e0s suas necessidades, desejos e aspira\u00e7\u00f5es. \u00a0 Al\u00e9m disso, oferecemos um atendimento personalizado &#8230;<\/p>","protected":false},"author":1,"featured_media":0,"parent":0,"menu_order":0,"comment_status":"open","ping_status":"closed","template":"page-templates\/contact_page.php","meta":{"inline_featured_image":false,"footnotes":""},"class_list":["post-5707","page","type-page","status-publish","hentry"],"yoast_head":"<!-- This site is optimized with the Yoast SEO plugin v25.4 - https:\/\/yoast.com\/wordpress\/plugins\/seo\/ -->\n<title>Contacte-nos - Prime View<\/title>\n<meta name=\"robots\" content=\"index, follow, max-snippet:-1, max-image-preview:large, max-video-preview:-1\" \/>\n<link rel=\"canonical\" href=\"https:\/\/prime-view.pt\/en\/contactos\/\" \/>\n<meta property=\"og:locale\" content=\"en_GB\" \/>\n<meta property=\"og:type\" content=\"article\" \/>\n<meta property=\"og:title\" content=\"Contacte-nos - Prime View\" \/>\n<meta property=\"og:description\" content=\"N\u00f3s entendemos que encontrar o lugar perfeito para chamar de lar \u00e9 uma decis\u00f5es mais importantes que voc\u00ea tomar\u00e1 na vida. \u00c9 por isso que estamos aqui para tornar essa jornada mais f\u00e1cil e gratificante do que nunca. \u00a0 A Primeview \u00e9 sua parceira confi\u00e1vel na busca por propriedades que atendam \u00e0s suas necessidades, desejos e aspira\u00e7\u00f5es. \u00a0 Al\u00e9m disso, oferecemos um atendimento personalizado ...\" \/>\n<meta property=\"og:url\" content=\"https:\/\/prime-view.pt\/en\/contactos\/\" \/>\n<meta property=\"og:site_name\" content=\"Prime View\" \/>\n<meta property=\"article:modified_time\" content=\"2023-10-06T13:35:52+00:00\" \/>\n<meta name=\"twitter:card\" content=\"summary_large_image\" \/>\n<meta name=\"twitter:label1\" content=\"Estimated reading time\" \/>\n\t<meta name=\"twitter:data1\" content=\"1 minute\" \/>\n<script type=\"application\/ld+json\" class=\"yoast-schema-graph\">{\"@context\":\"https:\/\/schema.org\",\"@graph\":[{\"@type\":\"WebPage\",\"@id\":\"https:\/\/prime-view.pt\/contactos\/\",\"url\":\"https:\/\/prime-view.pt\/contactos\/\",\"name\":\"Contacte-nos - Prime View\",\"isPartOf\":{\"@id\":\"https:\/\/prime-view.pt\/#website\"},\"datePublished\":\"2015-02-19T09:48:19+00:00\",\"dateModified\":\"2023-10-06T13:35:52+00:00\",\"breadcrumb\":{\"@id\":\"https:\/\/prime-view.pt\/contactos\/#breadcrumb\"},\"inLanguage\":\"en-GB\",\"potentialAction\":[{\"@type\":\"ReadAction\",\"target\":[\"https:\/\/prime-view.pt\/contactos\/\"]}]},{\"@type\":\"BreadcrumbList\",\"@id\":\"https:\/\/prime-view.pt\/contactos\/#breadcrumb\",\"itemListElement\":[{\"@type\":\"ListItem\",\"position\":1,\"name\":\"In\u00edcio\",\"item\":\"https:\/\/prime-view.pt\/\"},{\"@type\":\"ListItem\",\"position\":2,\"name\":\"Contacte-nos\"}]},{\"@type\":\"WebSite\",\"@id\":\"https:\/\/prime-view.pt\/#website\",\"url\":\"https:\/\/prime-view.pt\/\",\"name\":\"Prime View\",\"description\":\"Imobili\u00e1rio\",\"publisher\":{\"@id\":\"https:\/\/prime-view.pt\/#organization\"},\"potentialAction\":[{\"@type\":\"SearchAction\",\"target\":{\"@type\":\"EntryPoint\",\"urlTemplate\":\"https:\/\/prime-view.pt\/?s={search_term_string}\"},\"query-input\":{\"@type\":\"PropertyValueSpecification\",\"valueRequired\":true,\"valueName\":\"search_term_string\"}}],\"inLanguage\":\"en-GB\"},{\"@type\":\"Organization\",\"@id\":\"https:\/\/prime-view.pt\/#organization\",\"name\":\"Prime View\",\"url\":\"https:\/\/prime-view.pt\/\",\"logo\":{\"@type\":\"ImageObject\",\"inLanguage\":\"en-GB\",\"@id\":\"https:\/\/prime-view.pt\/#\/schema\/logo\/image\/\",\"url\":\"https:\/\/prime-view.pt\/wp-content\/uploads\/2022\/10\/350.png\",\"contentUrl\":\"https:\/\/prime-view.pt\/wp-content\/uploads\/2022\/10\/350.png\",\"width\":350,\"height\":127,\"caption\":\"Prime View\"},\"image\":{\"@id\":\"https:\/\/prime-view.pt\/#\/schema\/logo\/image\/\"}}]}<\/script>\n<!-- \/ Yoast SEO plugin. -->","yoast_head_json":{"title":"Contacte-nos - Prime View","robots":{"index":"index","follow":"follow","max-snippet":"max-snippet:-1","max-image-preview":"max-image-preview:large","max-video-preview":"max-video-preview:-1"},"canonical":"https:\/\/prime-view.pt\/en\/contactos\/","og_locale":"en_GB","og_type":"article","og_title":"Contacte-nos - Prime View","og_description":"N\u00f3s entendemos que encontrar o lugar perfeito para chamar de lar \u00e9 uma decis\u00f5es mais importantes que voc\u00ea tomar\u00e1 na vida. \u00c9 por isso que estamos aqui para tornar essa jornada mais f\u00e1cil e gratificante do que nunca. \u00a0 A Primeview \u00e9 sua parceira confi\u00e1vel na busca por propriedades que atendam \u00e0s suas necessidades, desejos e aspira\u00e7\u00f5es. \u00a0 Al\u00e9m disso, oferecemos um atendimento personalizado ...","og_url":"https:\/\/prime-view.pt\/en\/contactos\/","og_site_name":"Prime View","article_modified_time":"2023-10-06T13:35:52+00:00","twitter_card":"summary_large_image","twitter_misc":{"Estimated reading time":"1 minute"},"schema":{"@context":"https:\/\/schema.org","@graph":[{"@type":"WebPage","@id":"https:\/\/prime-view.pt\/contactos\/","url":"https:\/\/prime-view.pt\/contactos\/","name":"Contacte-nos - Prime View","isPartOf":{"@id":"https:\/\/prime-view.pt\/#website"},"datePublished":"2015-02-19T09:48:19+00:00","dateModified":"2023-10-06T13:35:52+00:00","breadcrumb":{"@id":"https:\/\/prime-view.pt\/contactos\/#breadcrumb"},"inLanguage":"en-GB","potentialAction":[{"@type":"ReadAction","target":["https:\/\/prime-view.pt\/contactos\/"]}]},{"@type":"BreadcrumbList","@id":"https:\/\/prime-view.pt\/contactos\/#breadcrumb","itemListElement":[{"@type":"ListItem","position":1,"name":"In\u00edcio","item":"https:\/\/prime-view.pt\/"},{"@type":"ListItem","position":2,"name":"Contacte-nos"}]},{"@type":"WebSite","@id":"https:\/\/prime-view.pt\/#website","url":"https:\/\/prime-view.pt\/","name":"Prime View","description":"Imobili\u00e1rio","publisher":{"@id":"https:\/\/prime-view.pt\/#organization"},"potentialAction":[{"@type":"SearchAction","target":{"@type":"EntryPoint","urlTemplate":"https:\/\/prime-view.pt\/?s={search_term_string}"},"query-input":{"@type":"PropertyValueSpecification","valueRequired":true,"valueName":"search_term_string"}}],"inLanguage":"en-GB"},{"@type":"Organization","@id":"https:\/\/prime-view.pt\/#organization","name":"Prime View","url":"https:\/\/prime-view.pt\/","logo":{"@type":"ImageObject","inLanguage":"en-GB","@id":"https:\/\/prime-view.pt\/#\/schema\/logo\/image\/","url":"https:\/\/prime-view.pt\/wp-content\/uploads\/2022\/10\/350.png","contentUrl":"https:\/\/prime-view.pt\/wp-content\/uploads\/2022\/10\/350.png","width":350,"height":127,"caption":"Prime View"},"image":{"@id":"https:\/\/prime-view.pt\/#\/schema\/logo\/image\/"}}]}},"jetpack_sharing_enabled":true,"_links":{"self":[{"href":"https:\/\/prime-view.pt\/en\/wp-json\/wp\/v2\/pages\/5707","targetHints":{"allow":["GET"]}}],"collection":[{"href":"https:\/\/prime-view.pt\/en\/wp-json\/wp\/v2\/pages"}],"about":[{"href":"https:\/\/prime-view.pt\/en\/wp-json\/wp\/v2\/types\/page"}],"author":[{"embeddable":true,"href":"https:\/\/prime-view.pt\/en\/wp-json\/wp\/v2\/users\/1"}],"replies":[{"embeddable":true,"href":"https:\/\/prime-view.pt\/en\/wp-json\/wp\/v2\/comments?post=5707"}],"version-history":[{"count":13,"href":"https:\/\/prime-view.pt\/en\/wp-json\/wp\/v2\/pages\/5707\/revisions"}],"predecessor-version":[{"id":19161,"href":"https:\/\/prime-view.pt\/en\/wp-json\/wp\/v2\/pages\/5707\/revisions\/19161"}],"wp:attachment":[{"href":"https:\/\/prime-view.pt\/en\/wp-json\/wp\/v2\/media?parent=5707"}],"curies":[{"name":"wp","href":"https:\/\/api.w.org\/{rel}","templated":true}]}}